{"id":7,"date":"2020-08-26T09:06:18","date_gmt":"2020-08-26T09:06:18","guid":{"rendered":"https:\/\/rb-pflaster.de\/?page_id=7"},"modified":"2022-11-02T05:43:30","modified_gmt":"2022-11-02T05:43:30","slug":"the-new-umoma-opens-its-doors-2","status":"publish","type":"page","link":"https:\/\/rb-pflaster.de\/","title":{"rendered":"Willkommen"},"content":{"rendered":"\n<div class=\"wp-container-1 wp-block-group alignwide\"><div class=\"wp-block-group__inner-container\">\n<h2 class=\"has-text-align-center has-accent-color has-accent-background-color has-text-color has-background has-large-font-size\"><strong>Herzlich willkommen auf der Homepage von RB \u2013 Pflasterarbeiten!<\/strong><\/h2>\n<\/div><\/div>\n\n\n\n<div class=\"wp-block-columns alignwide\">\n<div class=\"wp-block-column\"><\/div>\n\n\n\n<div class=\"wp-block-column\"><\/div>\n<\/div>\n\n\n\n<p><\/p>\n\n\n\n<p class=\"has-subtle-background-color has-accent-background-color has-text-color has-background has-normal-font-size\"><strong>Wir sind ein kleiner Familiengef\u00fchrter Betrieb. Unser Ziel ist es Ihre Gestaltungsw\u00fcnsche in puncto Auffahrt, Terrasse und Zuwegung in die Tat umzusetzen. Sie errichten ein neues Objekt und m\u00f6chten die Au\u00dfenanlage professionell und langlebig gestaltet haben oder planen Sie die Sanierung ihrer vorhandenen Fl\u00e4che? Nehmen Sie Kontakt zu uns auf und wir setzen Ihre W\u00fcnsche um.<\/strong><\/p>\n\n\n\n<pre id=\"tw-target-text\" class=\"wp-block-preformatted has-subtle-background-color has-accent-background-color has-text-color has-background has-normal-font-size\"><strong>Wir verf\u00fcgen \u00fcber Erfahrung, moderne Ausr\u00fcstung und F\u00e4higkeiten, um verschiedene Auftr\u00e4ge auszuf\u00fchren. Wir haben keine Angst vor Herausforderungen!<\/strong><\/pre>\n\n\n\n<p class=\"has-subtle-background-color has-accent-background-color has-text-color has-background has-normal-font-size\"><strong>Schauen Sie sich in der Galerie unsere abgeschlossenen Arbeiten an. Wir hoffen Ihr Interesse geweckt zu haben.<\/strong><\/p>\n\n\n\n<p class=\"has-subtle-background-color has-accent-background-color has-text-color has-background has-normal-font-size\"><strong>\u00a0Ich, Robert  und mein Team freuen uns bald von Ihnen zu h\u00f6ren.<\/strong> <strong>Schreiben Sie uns und vereinbaren Sie einen Termin :  info@rb-pflaster.de<\/strong><\/p>\n","protected":false},"excerpt":{"rendered":"<p>Herzlich willkommen auf der Homepage von RB \u2013 Pflasterarbeiten! Wir sind ein kleiner Familiengef\u00fchrter Betrieb. Unser Ziel ist es Ihre Gestaltungsw\u00fcnsche in puncto Auffahrt, Terrasse und Zuwegung in die Tat umzusetzen. Sie errichten ein neues Objekt und m\u00f6chten die Au\u00dfenanlage professionell und langlebig gestaltet haben oder planen Sie die Sanierung ihrer vorhandenen Fl\u00e4che? Nehmen Sie [&hellip;]<\/p>\n","protected":false},"author":1,"featured_media":0,"parent":0,"menu_order":0,"comment_status":"closed","ping_status":"closed","template":"","meta":[],"yoast_head":"<!-- This site is optimized with the Yoast SEO plugin v18.4.1 - https:\/\/yoast.com\/wordpress\/plugins\/seo\/ -->\n<title>Willkommen - RB-Pflaster<\/title>\n<meta name=\"robots\" content=\"index, follow, max-snippet:-1, max-image-preview:large, max-video-preview:-1\" \/>\n<link rel=\"canonical\" href=\"https:\/\/rb-pflaster.de\/\" \/>\n<meta property=\"og:locale\" content=\"de_DE\" \/>\n<meta property=\"og:type\" content=\"article\" \/>\n<meta property=\"og:title\" content=\"Willkommen - RB-Pflaster\" \/>\n<meta property=\"og:description\" content=\"Herzlich willkommen auf der Homepage von RB \u2013 Pflasterarbeiten! Wir sind ein kleiner Familiengef\u00fchrter Betrieb. Unser Ziel ist es Ihre Gestaltungsw\u00fcnsche in puncto Auffahrt, Terrasse und Zuwegung in die Tat umzusetzen. Sie errichten ein neues Objekt und m\u00f6chten die Au\u00dfenanlage professionell und langlebig gestaltet haben oder planen Sie die Sanierung ihrer vorhandenen Fl\u00e4che? Nehmen Sie [&hellip;]\" \/>\n<meta property=\"og:url\" content=\"https:\/\/rb-pflaster.de\/\" \/>\n<meta property=\"og:site_name\" content=\"RB-Pflaster\" \/>\n<meta property=\"article:modified_time\" content=\"2022-11-02T05:43:30+00:00\" \/>\n<meta name=\"twitter:card\" content=\"summary_large_image\" \/>\n<meta name=\"twitter:label1\" content=\"Gesch\u00e4tzte Lesezeit\" \/>\n\t<meta name=\"twitter:data1\" content=\"1\u00a0Minute\" \/>\n<script type=\"application\/ld+json\" class=\"yoast-schema-graph\">{\"@context\":\"https:\/\/schema.org\",\"@graph\":[{\"@type\":\"WebSite\",\"@id\":\"https:\/\/rb-pflaster.de\/#website\",\"url\":\"https:\/\/rb-pflaster.de\/\",\"name\":\"RB-Pflaster\",\"description\":\"Mobile: +49 1723195026 \/\/ email: info@rb-pflaster.de\",\"potentialAction\":[{\"@type\":\"SearchAction\",\"target\":{\"@type\":\"EntryPoint\",\"urlTemplate\":\"https:\/\/rb-pflaster.de\/?s={search_term_string}\"},\"query-input\":\"required name=search_term_string\"}],\"inLanguage\":\"de\"},{\"@type\":\"WebPage\",\"@id\":\"https:\/\/rb-pflaster.de\/#webpage\",\"url\":\"https:\/\/rb-pflaster.de\/\",\"name\":\"Willkommen - RB-Pflaster\",\"isPartOf\":{\"@id\":\"https:\/\/rb-pflaster.de\/#website\"},\"datePublished\":\"2020-08-26T09:06:18+00:00\",\"dateModified\":\"2022-11-02T05:43:30+00:00\",\"breadcrumb\":{\"@id\":\"https:\/\/rb-pflaster.de\/#breadcrumb\"},\"inLanguage\":\"de\",\"potentialAction\":[{\"@type\":\"ReadAction\",\"target\":[\"https:\/\/rb-pflaster.de\/\"]}]},{\"@type\":\"BreadcrumbList\",\"@id\":\"https:\/\/rb-pflaster.de\/#breadcrumb\",\"itemListElement\":[{\"@type\":\"ListItem\",\"position\":1,\"name\":\"Home\",\"item\":\"https:\/\/rb-pflaster.de\/\"},{\"@type\":\"ListItem\",\"position\":2,\"name\":\"Willkommen\"}]}]}<\/script>\n<!-- \/ Yoast SEO plugin. -->","yoast_head_json":{"title":"Willkommen - RB-Pflaster","robots":{"index":"index","follow":"follow","max-snippet":"max-snippet:-1","max-image-preview":"max-image-preview:large","max-video-preview":"max-video-preview:-1"},"canonical":"https:\/\/rb-pflaster.de\/","og_locale":"de_DE","og_type":"article","og_title":"Willkommen - RB-Pflaster","og_description":"Herzlich willkommen auf der Homepage von RB \u2013 Pflasterarbeiten! Wir sind ein kleiner Familiengef\u00fchrter Betrieb. Unser Ziel ist es Ihre Gestaltungsw\u00fcnsche in puncto Auffahrt, Terrasse und Zuwegung in die Tat umzusetzen. Sie errichten ein neues Objekt und m\u00f6chten die Au\u00dfenanlage professionell und langlebig gestaltet haben oder planen Sie die Sanierung ihrer vorhandenen Fl\u00e4che? Nehmen Sie [&hellip;]","og_url":"https:\/\/rb-pflaster.de\/","og_site_name":"RB-Pflaster","article_modified_time":"2022-11-02T05:43:30+00:00","twitter_card":"summary_large_image","twitter_misc":{"Gesch\u00e4tzte Lesezeit":"1\u00a0Minute"},"schema":{"@context":"https:\/\/schema.org","@graph":[{"@type":"WebSite","@id":"https:\/\/rb-pflaster.de\/#website","url":"https:\/\/rb-pflaster.de\/","name":"RB-Pflaster","description":"Mobile: +49 1723195026 \/\/ email: info@rb-pflaster.de","potentialAction":[{"@type":"SearchAction","target":{"@type":"EntryPoint","urlTemplate":"https:\/\/rb-pflaster.de\/?s={search_term_string}"},"query-input":"required name=search_term_string"}],"inLanguage":"de"},{"@type":"WebPage","@id":"https:\/\/rb-pflaster.de\/#webpage","url":"https:\/\/rb-pflaster.de\/","name":"Willkommen - RB-Pflaster","isPartOf":{"@id":"https:\/\/rb-pflaster.de\/#website"},"datePublished":"2020-08-26T09:06:18+00:00","dateModified":"2022-11-02T05:43:30+00:00","breadcrumb":{"@id":"https:\/\/rb-pflaster.de\/#breadcrumb"},"inLanguage":"de","potentialAction":[{"@type":"ReadAction","target":["https:\/\/rb-pflaster.de\/"]}]},{"@type":"BreadcrumbList","@id":"https:\/\/rb-pflaster.de\/#breadcrumb","itemListElement":[{"@type":"ListItem","position":1,"name":"Home","item":"https:\/\/rb-pflaster.de\/"},{"@type":"ListItem","position":2,"name":"Willkommen"}]}]}},"_links":{"self":[{"href":"https:\/\/rb-pflaster.de\/index.php\/wp-json\/wp\/v2\/pages\/7"}],"collection":[{"href":"https:\/\/rb-pflaster.de\/index.php\/wp-json\/wp\/v2\/pages"}],"about":[{"href":"https:\/\/rb-pflaster.de\/index.php\/wp-json\/wp\/v2\/types\/page"}],"author":[{"embeddable":true,"href":"https:\/\/rb-pflaster.de\/index.php\/wp-json\/wp\/v2\/users\/1"}],"replies":[{"embeddable":true,"href":"https:\/\/rb-pflaster.de\/index.php\/wp-json\/wp\/v2\/comments?post=7"}],"version-history":[{"count":15,"href":"https:\/\/rb-pflaster.de\/index.php\/wp-json\/wp\/v2\/pages\/7\/revisions"}],"predecessor-version":[{"id":323,"href":"https:\/\/rb-pflaster.de\/index.php\/wp-json\/wp\/v2\/pages\/7\/revisions\/323"}],"wp:attachment":[{"href":"https:\/\/rb-pflaster.de\/index.php\/wp-json\/wp\/v2\/media?parent=7"}],"curies":[{"name":"wp","href":"https:\/\/api.w.org\/{rel}","templated":true}]}}